{"id":38,"date":"2021-11-26T13:06:11","date_gmt":"2021-11-26T13:06:11","guid":{"rendered":"https:\/\/domki-wypoczynkowe.com.pl\/?page_id=38"},"modified":"2021-11-26T13:18:12","modified_gmt":"2021-11-26T13:18:12","slug":"strona-glowna","status":"publish","type":"page","link":"https:\/\/domki-wypoczynkowe.com.pl\/","title":{"rendered":"Strona g\u0142\u00f3wna"},"content":{"rendered":"\n<div class=\"wp-block-cover alignfull\" style=\"min-height:700px;aspect-ratio:unset;\"><img decoding=\"async\" class=\"wp-block-cover__image-background\" alt=\"\" src=\"https:\/\/domki-wypoczynkowe.com.pl\/wp-content\/themes\/neve\/assets\/img\/starter-content\/hero.jpg\" style=\"object-position:50% 64%\" data-object-fit=\"cover\" data-object-position=\"50% 64%\"\/><div class=\"wp-block-cover__inner-container is-layout-flow wp-block-cover-is-layout-flow\">\n<div style=\"height:80px\" aria-hidden=\"true\" class=\"wp-block-spacer\"><\/div>\n\n\n\n<h1 class=\"has-text-align-center has-text-color wp-block-heading\" style=\"color:#121212\">Przytulne Domki nad Ba\u0142tykiem<\/h1>\n\n\n\n<p class=\"has-text-align-center has-text-color\" style=\"color:#121212;font-size:17px\">U nas sp\u0119dzisz sw\u00f3j wymarzony urlop z dala od zgie\u0142ku miasta. Nad morzem, w\u015br\u00f3d szumu drzew i \u015bpiewu ptak\u00f3w.<\/p>\n\n\n\n<div class=\"wp-block-buttons is-content-justification-center is-layout-flex wp-block-buttons-is-layout-flex\">\n<div class=\"wp-block-button is-style-primary\"><a class=\"wp-block-button__link\" href=\"https:\/\/www.airbnb.pl\/rooms\/43473791?_set_bev_on_new_domain=1637932654_MWI2OWU0NDA1YWQ1&amp;source_impression_id=p3_1637932662_uzWDrjAa2iGUW9Mh&amp;guests=1&amp;adults=1\" target=\"_blank\" rel=\"noreferrer noopener\">Rezerwuj<\/a><\/div>\n\n\n\n<div class=\"wp-block-button is-style-secondary\"><a class=\"wp-block-button__link\" href=\"https:\/\/www.airbnb.pl\/rooms\/43473791?_set_bev_on_new_domain=1637932654_MWI2OWU0NDA1YWQ1&amp;source_impression_id=p3_1637932662_uzWDrjAa2iGUW9Mh&amp;guests=1&amp;adults=1\" target=\"_blank\" rel=\"noreferrer noopener\">Wn\u0119trza<\/a><\/div>\n<\/div>\n\n\n\n<div style=\"height:80px\" aria-hidden=\"true\" class=\"wp-block-spacer\"><\/div>\n\n\n\n<div style=\"height:80px\" aria-hidden=\"true\" class=\"wp-block-spacer\"><\/div>\n<\/div><\/div>\n\n\n\n<div class=\"wp-block-columns is-layout-flex wp-container-core-columns-is-layout-9d6595d7 wp-block-columns-is-layout-flex\"><\/div>\n\n\n\n<p><\/p>\n","protected":false},"excerpt":{"rendered":"","protected":false},"author":1,"featured_media":0,"parent":0,"menu_order":0,"comment_status":"closed","ping_status":"closed","template":"","meta":{"neve_meta_sidebar":"","neve_meta_container":"","neve_meta_enable_content_width":"on","neve_meta_content_width":100,"neve_meta_title_alignment":"","neve_meta_author_avatar":"","neve_post_elements_order":"","neve_meta_disable_header":"","neve_meta_disable_footer":"","neve_meta_disable_title":"on","footnotes":""},"class_list":["post-38","page","type-page","status-publish","hentry"],"_links":{"self":[{"href":"https:\/\/domki-wypoczynkowe.com.pl\/index.php?rest_route=\/wp\/v2\/pages\/38","targetHints":{"allow":["GET"]}}],"collection":[{"href":"https:\/\/domki-wypoczynkowe.com.pl\/index.php?rest_route=\/wp\/v2\/pages"}],"about":[{"href":"https:\/\/domki-wypoczynkowe.com.pl\/index.php?rest_route=\/wp\/v2\/types\/page"}],"author":[{"embeddable":true,"href":"https:\/\/domki-wypoczynkowe.com.pl\/index.php?rest_route=\/wp\/v2\/users\/1"}],"replies":[{"embeddable":true,"href":"https:\/\/domki-wypoczynkowe.com.pl\/index.php?rest_route=%2Fwp%2Fv2%2Fcomments&post=38"}],"version-history":[{"count":11,"href":"https:\/\/domki-wypoczynkowe.com.pl\/index.php?rest_route=\/wp\/v2\/pages\/38\/revisions"}],"predecessor-version":[{"id":69,"href":"https:\/\/domki-wypoczynkowe.com.pl\/index.php?rest_route=\/wp\/v2\/pages\/38\/revisions\/69"}],"wp:attachment":[{"href":"https:\/\/domki-wypoczynkowe.com.pl\/index.php?rest_route=%2Fwp%2Fv2%2Fmedia&parent=38"}],"curies":[{"name":"wp","href":"https:\/\/api.w.org\/{rel}","templated":true}]}}